{"id":1385,"date":"2023-09-25T13:59:35","date_gmt":"2023-09-25T13:59:35","guid":{"rendered":"https:\/\/staging.altacarnia2023.roomzerodesign.com\/?page_id=1385"},"modified":"2024-02-08T16:04:07","modified_gmt":"2024-02-08T16:04:07","slug":"gustare","status":"publish","type":"page","link":"https:\/\/alpidolomitifriulane.it\/de\/gustare\/","title":{"rendered":"Geschmack"},"content":{"rendered":"<div data-elementor-type=\"wp-page\" data-elementor-id=\"1385\" class=\"elementor elementor-1385\" data-elementor-post-type=\"page\">\n\t\t\t\t<div class=\"elementor-element elementor-element-e1096d3 rz_hero_section_container e-flex e-con-boxed e-con e-parent\" data-id=\"e1096d3\" data-element_type=\"container\" data-settings=\"{&quot;background_background&quot;:&quot;classic&quot;,&quot;content_width&quot;:&quot;boxed&quot;}\" data-core-v316-plus=\"true\">\n\t\t\t\t\t<div class=\"e-con-inner\">\n\t\t\t\t<div class=\"elementor-element elementor-element-7c8e558 elementor-widget__width-initial elementor-widget elementor-widget-heading\" data-id=\"7c8e558\" data-element_type=\"widget\" data-widget_type=\"heading.default\">\n\t\t\t\t<div class=\"elementor-widget-container\">\n\t\t\t<style>\/*! elementor - v3.19.0 - 07-02-2024 *\/\n.elementor-heading-title{padding:0;margin:0;line-height:1}.elementor-widget-heading .elementor-heading-title[class*=elementor-size-]>a{color:inherit;font-size:inherit;line-height:inherit}.elementor-widget-heading .elementor-heading-title.elementor-size-small{font-size:15px}.elementor-widget-heading .elementor-heading-title.elementor-size-medium{font-size:19px}.elementor-widget-heading .elementor-heading-title.elementor-size-large{font-size:29px}.elementor-widget-heading .elementor-heading-title.elementor-size-xl{font-size:39px}.elementor-widget-heading .elementor-heading-title.elementor-size-xxl{font-size:59px}<\/style><h1 class=\"elementor-heading-title elementor-size-default\">Geschmack<\/h1>\t\t<\/div>\n\t\t\t\t<\/div>\n\t\t\t\t\t<\/div>\n\t\t\t\t<\/div>\n\t\t<div class=\"elementor-element elementor-element-1a49bcb e-flex e-con-boxed e-con e-parent\" data-id=\"1a49bcb\" data-element_type=\"container\" data-settings=\"{&quot;content_width&quot;:&quot;boxed&quot;}\" data-core-v316-plus=\"true\">\n\t\t\t\t\t<div class=\"e-con-inner\">\n\t\t\t\t<div class=\"elementor-element elementor-element-7778038 elementor-widget__width-inherit elementor-widget elementor-widget-heading\" data-id=\"7778038\" data-element_type=\"widget\" data-widget_type=\"heading.default\">\n\t\t\t\t<div class=\"elementor-widget-container\">\n\t\t\t<h2 class=\"elementor-heading-title elementor-size-default\">KULINARISCHE UND WEINERLEBNISSE IN OBERK\u00c4RNTEN<\/h2>\t\t<\/div>\n\t\t\t\t<\/div>\n\t\t\t\t<div class=\"elementor-element elementor-element-b5d9cb3 elementor-widget__width-inherit elementor-widget elementor-widget-heading\" data-id=\"b5d9cb3\" data-element_type=\"widget\" data-widget_type=\"heading.default\">\n\t\t\t\t<div class=\"elementor-widget-container\">\n\t\t\t<h2 class=\"elementor-heading-title elementor-size-default\">Entdecken Sie die Geschm\u00e4cker und Aromen der Traditionen, die dieses Gebiet pr\u00e4gen<\/h2>\t\t<\/div>\n\t\t\t\t<\/div>\n\t\t\t\t<div class=\"elementor-element elementor-element-eb641a1 elementor-widget__width-inherit elementor-widget elementor-widget-heading\" data-id=\"eb641a1\" data-element_type=\"widget\" data-widget_type=\"heading.default\">\n\t\t\t\t<div class=\"elementor-widget-container\">\n\t\t\t<h2 class=\"elementor-heading-title elementor-size-default\">Aktivit\u00e4ten rund um den Geschmack und mehr, bei denen Sie die lokale K\u00fcche und die Spezialit\u00e4ten der Region kennen lernen k\u00f6nnen. Verkostungen von K\u00e4se, Aufschnitt und anderen lokalen Produkten, Kochkurse und andere <b>Erlebnisse, die den Gaumen verw\u00f6hnen<\/b>.<\/h2>\t\t<\/div>\n\t\t\t\t<\/div>\n\t\t\t\t\t<\/div>\n\t\t\t\t<\/div>\n\t\t<div class=\"elementor-element elementor-element-b89c7d2 e-flex e-con-boxed e-con e-parent\" data-id=\"b89c7d2\" data-element_type=\"container\" data-settings=\"{&quot;content_width&quot;:&quot;boxed&quot;}\" data-core-v316-plus=\"true\">\n\t\t\t\t\t<div class=\"e-con-inner\">\n\t\t\t\t<div class=\"elementor-element elementor-element-e087870 elementor-widget__width-inherit elementor-widget elementor-widget-html\" data-id=\"e087870\" data-element_type=\"widget\" data-widget_type=\"html.default\">\n\t\t\t\t<div class=\"elementor-widget-container\">\n\t\t\t<product-catalog-widget widget-id=\"7a15a92e-502a-4bf5-b19f-46d915bec578\"><\/product-catalog-widget><script type=\"text\/javascript\" src=\"https:\/\/widgets.regiondo.net\/catalog\/v1\/catalog-widget.min.js\"><\/script>\t\t<\/div>\n\t\t\t\t<\/div>\n\t\t\t\t<div class=\"elementor-element elementor-element-7d6cca9 elementor-widget__width-inherit elementor-widget elementor-widget-heading\" data-id=\"7d6cca9\" data-element_type=\"widget\" data-widget_type=\"heading.default\">\n\t\t\t\t<div class=\"elementor-widget-container\">\n\t\t\t<h2 class=\"elementor-heading-title elementor-size-default\">Sie k\u00f6nnten auch interessiert sein an...<\/h2>\t\t<\/div>\n\t\t\t\t<\/div>\n\t\t\t\t\t<\/div>\n\t\t\t\t<\/div>\n\t\t<div class=\"elementor-element elementor-element-4253361 e-con-full rz-pulsanti-post-container e-flex e-con e-parent\" data-id=\"4253361\" data-element_type=\"container\" data-settings=\"{&quot;content_width&quot;:&quot;full&quot;}\" data-core-v316-plus=\"true\">\n\t\t\t\t<div class=\"elementor-element elementor-element-16ec966 elementor-widget elementor-widget-button\" data-id=\"16ec966\" data-element_type=\"widget\" data-settings=\"{&quot;motion_fx_motion_fx_scrolling&quot;:&quot;yes&quot;,&quot;motion_fx_translateX_effect&quot;:&quot;yes&quot;,&quot;motion_fx_translateX_direction&quot;:&quot;negative&quot;,&quot;motion_fx_translateX_affectedRange&quot;:{&quot;unit&quot;:&quot;%&quot;,&quot;size&quot;:&quot;&quot;,&quot;sizes&quot;:{&quot;start&quot;:0,&quot;end&quot;:50}},&quot;motion_fx_opacity_effect&quot;:&quot;yes&quot;,&quot;motion_fx_opacity_range&quot;:{&quot;unit&quot;:&quot;%&quot;,&quot;size&quot;:&quot;&quot;,&quot;sizes&quot;:{&quot;start&quot;:0,&quot;end&quot;:50}},&quot;motion_fx_translateX_speed&quot;:{&quot;unit&quot;:&quot;px&quot;,&quot;size&quot;:4,&quot;sizes&quot;:[]},&quot;motion_fx_opacity_direction&quot;:&quot;out-in&quot;,&quot;motion_fx_opacity_level&quot;:{&quot;unit&quot;:&quot;px&quot;,&quot;size&quot;:10,&quot;sizes&quot;:[]},&quot;motion_fx_devices&quot;:[&quot;desktop&quot;,&quot;tablet_extra&quot;,&quot;tablet&quot;,&quot;mobile&quot;]}\" data-widget_type=\"button.default\">\n\t\t\t\t<div class=\"elementor-widget-container\">\n\t\t\t\t\t<div class=\"elementor-button-wrapper\">\n\t\t\t<a class=\"elementor-button elementor-button-link elementor-size-sm\" href=\"https:\/\/alpidolomitifriulane.it\/de\/idee-regalo\/\" id=\"rz-pulsante-post-left\">\n\t\t\t\t\t\t<span class=\"elementor-button-content-wrapper\">\n\t\t\t\t\t\t<span class=\"elementor-button-text\">Schenken Sie etwas<\/span>\n\t\t<\/span>\n\t\t\t\t\t<\/a>\n\t\t<\/div>\n\t\t\t\t<\/div>\n\t\t\t\t<\/div>\n\t\t\t\t<div class=\"elementor-element elementor-element-6cc1d61 elementor-widget elementor-widget-button\" data-id=\"6cc1d61\" data-element_type=\"widget\" data-settings=\"{&quot;motion_fx_motion_fx_scrolling&quot;:&quot;yes&quot;,&quot;motion_fx_translateX_effect&quot;:&quot;yes&quot;,&quot;motion_fx_translateX_affectedRange&quot;:{&quot;unit&quot;:&quot;%&quot;,&quot;size&quot;:&quot;&quot;,&quot;sizes&quot;:{&quot;start&quot;:0,&quot;end&quot;:50}},&quot;motion_fx_opacity_effect&quot;:&quot;yes&quot;,&quot;motion_fx_opacity_range&quot;:{&quot;unit&quot;:&quot;%&quot;,&quot;size&quot;:&quot;&quot;,&quot;sizes&quot;:{&quot;start&quot;:0,&quot;end&quot;:50}},&quot;motion_fx_translateX_speed&quot;:{&quot;unit&quot;:&quot;px&quot;,&quot;size&quot;:4,&quot;sizes&quot;:[]},&quot;motion_fx_opacity_direction&quot;:&quot;out-in&quot;,&quot;motion_fx_opacity_level&quot;:{&quot;unit&quot;:&quot;px&quot;,&quot;size&quot;:10,&quot;sizes&quot;:[]},&quot;motion_fx_devices&quot;:[&quot;desktop&quot;,&quot;tablet_extra&quot;,&quot;tablet&quot;,&quot;mobile&quot;]}\" data-widget_type=\"button.default\">\n\t\t\t\t<div class=\"elementor-widget-container\">\n\t\t\t\t\t<div class=\"elementor-button-wrapper\">\n\t\t\t<a class=\"elementor-button elementor-button-link elementor-size-sm\" href=\"https:\/\/alpidolomitifriulane.it\/de\/rilassarsi\/\" id=\"rz-pulsante-post-right\">\n\t\t\t\t\t\t<span class=\"elementor-button-content-wrapper\">\n\t\t\t\t\t\t<span class=\"elementor-button-text\">Entspannen Sie sich<\/span>\n\t\t<\/span>\n\t\t\t\t\t<\/a>\n\t\t<\/div>\n\t\t\t\t<\/div>\n\t\t\t\t<\/div>\n\t\t\t\t<\/div>\n\t\t<div class=\"elementor-element elementor-element-935772f e-con-full e-flex e-con e-parent\" data-id=\"935772f\" data-element_type=\"container\" data-settings=\"{&quot;content_width&quot;:&quot;full&quot;}\" data-core-v316-plus=\"true\">\n\t\t\t\t<div class=\"elementor-element elementor-element-3307bc0 elementor-widget elementor-widget-template\" data-id=\"3307bc0\" data-element_type=\"widget\" data-widget_type=\"template.default\">\n\t\t\t\t<div class=\"elementor-widget-container\">\n\t\t\t\t\t<div class=\"elementor-template\">\n\t\t\t\t\t<div data-elementor-type=\"section\" data-elementor-id=\"615\" class=\"elementor elementor-615\" data-elementor-post-type=\"elementor_library\">\n\t\t\t<div class=\"elementor-element elementor-element-a28419b rz_newsletter_section_container e-flex e-con-boxed e-con e-parent\" data-id=\"a28419b\" data-element_type=\"container\" id=\"rz-newsletter-section-container\" data-settings=\"{&quot;background_background&quot;:&quot;classic&quot;,&quot;content_width&quot;:&quot;boxed&quot;}\" data-core-v316-plus=\"true\">\n\t\t\t\t\t<div class=\"e-con-inner\">\n\t\t\t\t<div class=\"elementor-element elementor-element-9996472 elementor-widget__width-initial elementor-widget elementor-widget-heading\" data-id=\"9996472\" data-element_type=\"widget\" data-widget_type=\"heading.default\">\n\t\t\t\t<div class=\"elementor-widget-container\">\n\t\t\t<h2 class=\"elementor-heading-title elementor-size-default\">IMMER INFORMIERT BLEIBEN UND \n<br>\nVERPASSEN SIE NICHTS<\/h2>\t\t<\/div>\n\t\t\t\t<\/div>\n\t\t\t\t<div class=\"elementor-element elementor-element-1effb04 elementor-widget__width-initial elementor-widget elementor-widget-heading\" data-id=\"1effb04\" data-element_type=\"widget\" data-widget_type=\"heading.default\">\n\t\t\t\t<div class=\"elementor-widget-container\">\n\t\t\t<h2 class=\"elementor-heading-title elementor-size-default\">\u00dcBER DIE NEUESTEN NACHRICHTEN UND EREIGNISSE IN DER REGION<\/h2>\t\t<\/div>\n\t\t\t\t<\/div>\n\t\t\t\t<div class=\"elementor-element elementor-element-78c4ebf elementor-widget__width-initial rz_pulsante_news elementor-widget elementor-widget-shortcode\" data-id=\"78c4ebf\" data-element_type=\"widget\" data-widget_type=\"shortcode.default\">\n\t\t\t\t<div class=\"elementor-widget-container\">\n\t\t\t\t\t<div class=\"elementor-shortcode\"><div class=\"jet-form-block\"data-is-block=\"jet-engine\/booking-form\"><form  class=\"jet-form layout-row submit-type-reload\" action=\"\/de\/wp-json\/wp\/v2\/pages\/1385?jet_engine_action=book&#038;nocache=1776549051\" method=\"POST\" data-form-id=\"191\" data-trp-original-action=\"\/de\/wp-json\/wp\/v2\/pages\/1385?jet_engine_action=book&nocache=1776549051\"><div class=\"jet-form-col__end content-fullwidth\"><input class=\"jet-form__field hidden-field\" type=\"hidden\" name=\"_jet_engine_booking_form_id\" value=\"191\" data-field-name=\"_jet_engine_booking_form_id\"><\/div><div class=\"jet-form-col__end content-fullwidth\"><input class=\"jet-form__field hidden-field\" type=\"hidden\" name=\"_jet_engine_refer\" value=\"https:\/\/alpidolomitifriulane.it\/de\/wp-json\/wp\/v2\/pages\/1385\" data-field-name=\"_jet_engine_refer\"><\/div><div  class=\"jet-form-row jet-form-row--hidden\"><div class=\"jet-form-col jet-form-col-12  field-type-hidden  jet-form-field-container\" data-field=\"post_id\" data-conditional=\"false\"><div class=\"jet-form-col__end content-fullwidth\"><input class=\"jet-form__field hidden-field\" type=\"hidden\" name=\"post_id\" value=\"1385\" data-field-name=\"post_id\"><\/div><\/div><\/div><div  class=\"jet-form-row jet-form-row--submit jet-form-row--first-visible\"><div class=\"jet-form-col jet-form-col-11  field-type-text rz_newsletter_field jet-form-field-container\" data-field=\"email\" data-conditional=\"false\"><div class=\"jet-form-col__end content-fullwidth\"><input class=\"jet-form__field text-field\" placeholder=\"Geben Sie hier Ihre E-Mail ein\" value=\"\" required=\"required\" name=\"email\" id=\"email\" type=\"text\" data-field-name=\"email\"><\/div><\/div><div class=\"jet-form-col jet-form-col-1  field-type-submit rz_newsletter_submit jet-form-field-container\" data-field=\"Submit\" data-conditional=\"false\"><div class=\"jet-form-col__end content-fullwidth\"><div class=\"jet-form__submit-wrap\">\n\t\t<button class=\"jet-form__submit submit-type-reload rz_newsletter_submit\" type=\"submit\">JOIN<\/button>\n<\/div><\/div><\/div><\/div><div  class=\"jet-form-row\"><div class=\"jet-form-col jet-form-col-12  field-type-checkboxes rz_check jet-form-field-container\" data-field=\"check\" data-conditional=\"false\"><div class=\"jet-form-col__start\"><div class=\"jet-form__label\">\n\t<span class=\"jet-form__label-text\" >Wenn Sie auf dieses Feld klicken, akzeptieren Sie die Datenschutzbestimmungen der Website.<span class=\"jet-form__required\">*<\/span><\/span>\n\t<\/div><\/div>\n<div class=\"jet-form-col__end\"><div class=\"jet-form__fields-group checkradio-wrap\">\t\t<div class=\"jet-form__field-wrap checkboxes-wrap checkradio-wrap\">\n\t\t\t\t\t\t<label class=\"jet-form__field-label\">\n\t\t\t\t<input\n\t\t\t\t\ttype=\"checkbox\"\n\t\t\t\t\tname=\"check\"\n\t\t\t\t\tclass=\"jet-form__field checkboxes-field checkradio-field checkboxes-required\"\n\t\t\t\t\tvalue=\"SI\"\n\t\t\t\t\tdata-field-name=\"check\"\n\t\t\t\t\t\t\t\t\t\trequired=\"required\"\t\t\t\t\t data-calculate=\"Check\"\t\t\t\t>\n\t\t\t\t\t\t\t<\/label>\n\t\t<\/div>\n\t\t<\/div><\/div><\/div><\/div><div class=\"jet-form-col__end content-fullwidth\"><input class=\"jet-form__field hidden-field\" type=\"hidden\" name=\"_jet_engine_nonce\" value=\"f570dbb851\" data-field-name=\"_jet_engine_nonce\"><\/div><input type=\"hidden\" name=\"trp-form-language\" value=\"de\"\/><\/form><\/div><\/div>\n\t\t\t\t<\/div>\n\t\t\t\t<\/div>\n\t\t\t\t\t<\/div>\n\t\t\t\t<\/div>\n\t\t\t\t<\/div>\n\t\t\t\t<\/div>\n\t\t\t\t<\/div>\n\t\t\t\t<\/div>\n\t\t\t\t<\/div>\n\t\t<div class=\"elementor-element elementor-element-ffe4084 e-con-full e-flex e-con e-parent\" data-id=\"ffe4084\" data-element_type=\"container\" data-settings=\"{&quot;content_width&quot;:&quot;full&quot;}\" data-core-v316-plus=\"true\">\n\t\t\t\t<div class=\"elementor-element elementor-element-6611f7e elementor-widget elementor-widget-html\" data-id=\"6611f7e\" data-element_type=\"widget\" data-widget_type=\"html.default\">\n\t\t\t\t<div class=\"elementor-widget-container\">\n\t\t\t<script>\njQuery(window).on(\"load\",function(){\n    \/*\n    Se nel pulsante non c'\u00e8 link\n    -> Nascondo pulsante\n    *\/\n    var hrefBleft = jQuery('#rz-pulsante-post-left').attr('href');\n    var hrefBright = jQuery('#rz-pulsante-post-right').attr('href');\n    if(hrefBleft == undefined) {\n        jQuery('#rz-pulsante-post-left').hide();\n    };\n    if(hrefBright == undefined) {\n        jQuery('#rz-pulsante-post-right').hide();\n    };\n});\n<\/script>\t\t<\/div>\n\t\t\t\t<\/div>\n\t\t\t\t<\/div>\n\t\t\t\t<\/div>","protected":false},"excerpt":{"rendered":"<p>Sie k\u00f6nnten auch interessiert sein an...<\/p>","protected":false},"author":1,"featured_media":0,"parent":0,"menu_order":0,"comment_status":"closed","ping_status":"closed","template":"","meta":{"footnotes":""},"class_list":["post-1385","page","type-page","status-publish","hentry"],"_links":{"self":[{"href":"https:\/\/alpidolomitifriulane.it\/de\/wp-json\/wp\/v2\/pages\/1385","targetHints":{"allow":["GET"]}}],"collection":[{"href":"https:\/\/alpidolomitifriulane.it\/de\/wp-json\/wp\/v2\/pages"}],"about":[{"href":"https:\/\/alpidolomitifriulane.it\/de\/wp-json\/wp\/v2\/types\/page"}],"author":[{"embeddable":true,"href":"https:\/\/alpidolomitifriulane.it\/de\/wp-json\/wp\/v2\/users\/1"}],"replies":[{"embeddable":true,"href":"https:\/\/alpidolomitifriulane.it\/de\/wp-json\/wp\/v2\/comments?post=1385"}],"version-history":[{"count":28,"href":"https:\/\/alpidolomitifriulane.it\/de\/wp-json\/wp\/v2\/pages\/1385\/revisions"}],"predecessor-version":[{"id":4532,"href":"https:\/\/alpidolomitifriulane.it\/de\/wp-json\/wp\/v2\/pages\/1385\/revisions\/4532"}],"wp:attachment":[{"href":"https:\/\/alpidolomitifriulane.it\/de\/wp-json\/wp\/v2\/media?parent=1385"}],"curies":[{"name":"wp","href":"https:\/\/api.w.org\/{rel}","templated":true}]}}