{"id":2962,"date":"2023-09-28T09:13:35","date_gmt":"2023-09-28T09:13:35","guid":{"rendered":"https:\/\/staging.altacarnia2023.roomzerodesign.com\/?page_id=2962"},"modified":"2024-02-12T08:35:44","modified_gmt":"2024-02-12T08:35:44","slug":"le-destinazioni","status":"publish","type":"page","link":"https:\/\/alpidolomitifriulane.it\/de\/le-destinazioni\/","title":{"rendered":"Reiseziele"},"content":{"rendered":"<div data-elementor-type=\"wp-page\" data-elementor-id=\"2962\" class=\"elementor elementor-2962\" data-elementor-post-type=\"page\">\n\t\t\t\t<div class=\"elementor-element elementor-element-1f35d24 e-flex e-con-boxed e-con e-parent\" data-id=\"1f35d24\" data-element_type=\"container\" data-settings=\"{&quot;content_width&quot;:&quot;boxed&quot;}\" data-core-v316-plus=\"true\">\n\t\t\t\t\t<div class=\"e-con-inner\">\n\t\t<div class=\"elementor-element elementor-element-acec507 e-con-full e-flex e-con e-child\" data-id=\"acec507\" data-element_type=\"container\" data-settings=\"{&quot;content_width&quot;:&quot;full&quot;}\">\n\t\t\t\t<div class=\"elementor-element elementor-element-54edd2e elementor-widget__width-inherit elementor-widget-tablet__width-initial elementor-widget elementor-widget-heading\" data-id=\"54edd2e\" data-element_type=\"widget\" data-widget_type=\"heading.default\">\n\t\t\t\t<div class=\"elementor-widget-container\">\n\t\t\t<style>\/*! elementor - v3.19.0 - 07-02-2024 *\/\n.elementor-heading-title{padding:0;margin:0;line-height:1}.elementor-widget-heading .elementor-heading-title[class*=elementor-size-]>a{color:inherit;font-size:inherit;line-height:inherit}.elementor-widget-heading .elementor-heading-title.elementor-size-small{font-size:15px}.elementor-widget-heading .elementor-heading-title.elementor-size-medium{font-size:19px}.elementor-widget-heading .elementor-heading-title.elementor-size-large{font-size:29px}.elementor-widget-heading .elementor-heading-title.elementor-size-xl{font-size:39px}.elementor-widget-heading .elementor-heading-title.elementor-size-xxl{font-size:59px}<\/style><h1 class=\"elementor-heading-title elementor-size-default\">SYNERGIE F\u00dcR DIE AUFWERTUNG DES TERRITORIUMS<\/h1>\t\t<\/div>\n\t\t\t\t<\/div>\n\t\t\t\t<div class=\"elementor-element elementor-element-7a54bd0 elementor-widget__width-inherit elementor-widget-tablet__width-initial elementor-widget elementor-widget-heading\" data-id=\"7a54bd0\" data-element_type=\"widget\" data-widget_type=\"heading.default\">\n\t\t\t\t<div class=\"elementor-widget-container\">\n\t\t\t<h2 class=\"elementor-heading-title elementor-size-default\">Entdeckung von Alta Carnia in Friaul-Julisch-Venetien<\/h2>\t\t<\/div>\n\t\t\t\t<\/div>\n\t\t\t\t<div class=\"elementor-element elementor-element-83fa2d5 elementor-widget__width-inherit elementor-widget elementor-widget-heading\" data-id=\"83fa2d5\" data-element_type=\"widget\" data-widget_type=\"heading.default\">\n\t\t\t\t<div class=\"elementor-widget-container\">\n\t\t\t<h2 class=\"elementor-heading-title elementor-size-default\">Die Arbeit dieser Gebiete konzentriert sich auf die Schaffung lokaler Synergien zur F\u00f6rderung eines verantwortungsvollen und vor allem nachhaltigen Tourismus durch Erlebnisse und Aktivit\u00e4ten im Zusammenhang mit der Geschichte und der Natur der Orte.<\/h2>\t\t<\/div>\n\t\t\t\t<\/div>\n\t\t\t\t<\/div>\n\t\t<div class=\"elementor-element elementor-element-896b38b e-con-full e-flex e-con e-child\" data-id=\"896b38b\" data-element_type=\"container\" data-settings=\"{&quot;content_width&quot;:&quot;full&quot;,&quot;background_background&quot;:&quot;classic&quot;}\">\n\t\t\t\t<\/div>\n\t\t\t\t\t<\/div>\n\t\t\t\t<\/div>\n\t\t<div class=\"elementor-element elementor-element-09e2f0a e-con-full rz-pulsanti-post-container e-flex e-con e-parent\" data-id=\"09e2f0a\" data-element_type=\"container\" data-settings=\"{&quot;content_width&quot;:&quot;full&quot;}\" data-core-v316-plus=\"true\">\n\t\t\t\t<div class=\"elementor-element elementor-element-6b82eae elementor-widget-mobile__width-inherit elementor-widget elementor-widget-button\" data-id=\"6b82eae\" data-element_type=\"widget\" data-settings=\"{&quot;motion_fx_motion_fx_scrolling&quot;:&quot;yes&quot;,&quot;motion_fx_translateX_effect&quot;:&quot;yes&quot;,&quot;motion_fx_translateX_direction&quot;:&quot;negative&quot;,&quot;motion_fx_translateX_affectedRange&quot;:{&quot;unit&quot;:&quot;%&quot;,&quot;size&quot;:&quot;&quot;,&quot;sizes&quot;:{&quot;start&quot;:0,&quot;end&quot;:50}},&quot;motion_fx_opacity_effect&quot;:&quot;yes&quot;,&quot;motion_fx_opacity_range&quot;:{&quot;unit&quot;:&quot;%&quot;,&quot;size&quot;:&quot;&quot;,&quot;sizes&quot;:{&quot;start&quot;:0,&quot;end&quot;:50}},&quot;motion_fx_translateX_speed&quot;:{&quot;unit&quot;:&quot;px&quot;,&quot;size&quot;:4,&quot;sizes&quot;:[]},&quot;motion_fx_opacity_direction&quot;:&quot;out-in&quot;,&quot;motion_fx_opacity_level&quot;:{&quot;unit&quot;:&quot;px&quot;,&quot;size&quot;:10,&quot;sizes&quot;:[]},&quot;motion_fx_devices&quot;:[&quot;desktop&quot;,&quot;tablet_extra&quot;,&quot;tablet&quot;,&quot;mobile&quot;]}\" data-widget_type=\"button.default\">\n\t\t\t\t<div class=\"elementor-widget-container\">\n\t\t\t\t\t<div class=\"elementor-button-wrapper\">\n\t\t\t<a class=\"elementor-button elementor-button-link elementor-size-sm\" href=\"#rz-arta\" id=\"rz-pulsante-post-left\">\n\t\t\t\t\t\t<span class=\"elementor-button-content-wrapper\">\n\t\t\t\t\t\t<span class=\"elementor-button-text\">ARTA TERME<\/span>\n\t\t<\/span>\n\t\t\t\t\t<\/a>\n\t\t<\/div>\n\t\t\t\t<\/div>\n\t\t\t\t<\/div>\n\t\t\t\t<div class=\"elementor-element elementor-element-5604266 elementor-widget elementor-widget-button\" data-id=\"5604266\" data-element_type=\"widget\" data-settings=\"{&quot;motion_fx_motion_fx_scrolling&quot;:&quot;yes&quot;,&quot;motion_fx_translateX_effect&quot;:&quot;yes&quot;,&quot;motion_fx_translateX_affectedRange&quot;:{&quot;unit&quot;:&quot;%&quot;,&quot;size&quot;:&quot;&quot;,&quot;sizes&quot;:{&quot;start&quot;:0,&quot;end&quot;:50}},&quot;motion_fx_opacity_effect&quot;:&quot;yes&quot;,&quot;motion_fx_opacity_range&quot;:{&quot;unit&quot;:&quot;%&quot;,&quot;size&quot;:&quot;&quot;,&quot;sizes&quot;:{&quot;start&quot;:0,&quot;end&quot;:50}},&quot;motion_fx_translateX_speed&quot;:{&quot;unit&quot;:&quot;px&quot;,&quot;size&quot;:4,&quot;sizes&quot;:[]},&quot;motion_fx_opacity_direction&quot;:&quot;out-in&quot;,&quot;motion_fx_opacity_level&quot;:{&quot;unit&quot;:&quot;px&quot;,&quot;size&quot;:10,&quot;sizes&quot;:[]},&quot;motion_fx_devices&quot;:[&quot;desktop&quot;,&quot;tablet_extra&quot;,&quot;tablet&quot;,&quot;mobile&quot;]}\" data-widget_type=\"button.default\">\n\t\t\t\t<div class=\"elementor-widget-container\">\n\t\t\t\t\t<div class=\"elementor-button-wrapper\">\n\t\t\t<a class=\"elementor-button elementor-button-link elementor-size-sm\" href=\"#rz-sauris\" id=\"rz-pulsante-post-right\">\n\t\t\t\t\t\t<span class=\"elementor-button-content-wrapper\">\n\t\t\t\t\t\t<span class=\"elementor-button-text\">SAURIS<\/span>\n\t\t<\/span>\n\t\t\t\t\t<\/a>\n\t\t<\/div>\n\t\t\t\t<\/div>\n\t\t\t\t<\/div>\n\t\t\t\t<\/div>\n\t\t<div class=\"elementor-element elementor-element-351c41c e-flex e-con-boxed e-con e-parent\" data-id=\"351c41c\" data-element_type=\"container\" id=\"rz-arta\" data-settings=\"{&quot;content_width&quot;:&quot;boxed&quot;}\" data-core-v316-plus=\"true\">\n\t\t\t\t\t<div class=\"e-con-inner\">\n\t\t<div class=\"elementor-element elementor-element-8969eb5 e-con-full rz_img_section_container e-flex elementor-invisible e-con e-child\" data-id=\"8969eb5\" data-element_type=\"container\" data-settings=\"{&quot;content_width&quot;:&quot;full&quot;,&quot;background_background&quot;:&quot;classic&quot;,&quot;animation&quot;:&quot;fadeInLeft&quot;}\">\n\t\t\t\t<\/div>\n\t\t<div class=\"elementor-element elementor-element-5918399 e-con-full e-flex elementor-invisible e-con e-child\" data-id=\"5918399\" data-element_type=\"container\" data-settings=\"{&quot;content_width&quot;:&quot;full&quot;,&quot;animation&quot;:&quot;fadeInRight&quot;}\">\n\t\t\t\t<div class=\"elementor-element elementor-element-0d3b5cc elementor-widget__width-inherit elementor-widget-tablet__width-initial elementor-widget elementor-widget-heading\" data-id=\"0d3b5cc\" data-element_type=\"widget\" data-widget_type=\"heading.default\">\n\t\t\t\t<div class=\"elementor-widget-container\">\n\t\t\t<h2 class=\"elementor-heading-title elementor-size-default\">VON ARTA TERME...<\/h2>\t\t<\/div>\n\t\t\t\t<\/div>\n\t\t\t\t<div class=\"elementor-element elementor-element-f119214 elementor-widget__width-inherit elementor-widget-tablet__width-initial elementor-widget elementor-widget-heading\" data-id=\"f119214\" data-element_type=\"widget\" data-widget_type=\"heading.default\">\n\t\t\t\t<div class=\"elementor-widget-container\">\n\t\t\t<h2 class=\"elementor-heading-title elementor-size-default\">Dieses kleine Alpendorf bietet viel mehr als nur Kurorte<\/h2>\t\t<\/div>\n\t\t\t\t<\/div>\n\t\t\t\t<div class=\"elementor-element elementor-element-d51df25 elementor-widget__width-inherit elementor-widget elementor-widget-heading\" data-id=\"d51df25\" data-element_type=\"widget\" data-widget_type=\"heading.default\">\n\t\t\t\t<div class=\"elementor-widget-container\">\n\t\t\t<h2 class=\"elementor-heading-title elementor-size-default\">Bei 442 m.\u00fc.M, <b>Arta Terme<\/b> ist ein kleines Dorf im Herzen der Karnischen Alpen, das seit jeher f\u00fcr sein Thermalwasser ber\u00fchmt ist, das bereits seit der R\u00f6merzeit f\u00fcr seine gesundheitsf\u00f6rdernden und wohltuenden Eigenschaften bekannt ist.<br> Heute ist die <b>modernes Spa<\/b>bietet dank der Quelle des Acqua Pudia-Wassers sowohl eine mit dem Gesundheitssystem vereinbarte Pflege als auch einen gro\u00dfen Wellnessbereich mit Schwimmb\u00e4dern und Spas.<br>\n<br>\nDie Tradition der <b>Wellness<\/b> Auch au\u00dferhalb des Dorfes gibt es viele M\u00f6glichkeiten, sich in der Natur zu erholen und sich inmitten des Smaragdgr\u00fcns von Carnia wohlzuf\u00fchlen.<br> \nAuf 7 Fraktionen verteilt und mit \u00fcber 40 km L\u00e4nge <b>Talbodenpfade<\/b> verschiedenen Schwierigkeitsgraden bietet Arta Terme den Besuchern die M\u00f6glichkeit <b>Wandern, Radfahren und Reiten.<\/b> <br>\n<br>In dem Gebiet gibt es bedeutende arch\u00e4ologische Funde von gro\u00dfem historischem und kulturellem Wert und viele <b>Aktivit\u00e4ten und Veranstaltungen <\/b> die organisiert werden, insbesondere solche, die der besten friaulischen gastronomischen Tradition gewidmet sind.<\/h2>\t\t<\/div>\n\t\t\t\t<\/div>\n\t\t\t\t<div class=\"elementor-element elementor-element-6bb2201 elementor-widget__width-inherit elementor-widget elementor-widget-heading\" data-id=\"6bb2201\" data-element_type=\"widget\" data-widget_type=\"heading.default\">\n\t\t\t\t<div class=\"elementor-widget-container\">\n\t\t\t<div class=\"elementor-heading-title elementor-size-default\"><a href=\"http:\/\/www.silentalps.it\/\" target=\"_blank\">MEHR LERNEN<\/a><\/div>\t\t<\/div>\n\t\t\t\t<\/div>\n\t\t\t\t<\/div>\n\t\t\t\t\t<\/div>\n\t\t\t\t<\/div>\n\t\t<div class=\"elementor-element elementor-element-8b57496 e-flex e-con-boxed e-con e-parent\" data-id=\"8b57496\" data-element_type=\"container\" id=\"rz-sauris\" data-settings=\"{&quot;content_width&quot;:&quot;boxed&quot;}\" data-core-v316-plus=\"true\">\n\t\t\t\t\t<div class=\"e-con-inner\">\n\t\t<div class=\"elementor-element elementor-element-b18cbe2 e-con-full rz_img_section_container e-flex elementor-invisible e-con e-child\" data-id=\"b18cbe2\" data-element_type=\"container\" data-settings=\"{&quot;content_width&quot;:&quot;full&quot;,&quot;background_background&quot;:&quot;classic&quot;,&quot;animation&quot;:&quot;fadeInRight&quot;}\">\n\t\t\t\t<\/div>\n\t\t<div class=\"elementor-element elementor-element-5f7b62c e-con-full e-flex elementor-invisible e-con e-child\" data-id=\"5f7b62c\" data-element_type=\"container\" data-settings=\"{&quot;content_width&quot;:&quot;full&quot;,&quot;animation&quot;:&quot;fadeInLeft&quot;}\">\n\t\t\t\t<div class=\"elementor-element elementor-element-053925d elementor-widget__width-inherit elementor-widget-tablet__width-initial elementor-widget elementor-widget-heading\" data-id=\"053925d\" data-element_type=\"widget\" data-widget_type=\"heading.default\">\n\t\t\t\t<div class=\"elementor-widget-container\">\n\t\t\t<h2 class=\"elementor-heading-title elementor-size-default\">...BIS ZU SAURIS<\/h2>\t\t<\/div>\n\t\t\t\t<\/div>\n\t\t\t\t<div class=\"elementor-element elementor-element-c4f6473 elementor-widget__width-inherit elementor-widget-tablet__width-initial elementor-widget elementor-widget-heading\" data-id=\"c4f6473\" data-element_type=\"widget\" data-widget_type=\"heading.default\">\n\t\t\t\t<div class=\"elementor-widget-container\">\n\t\t\t<h2 class=\"elementor-heading-title elementor-size-default\">Nat\u00fcrlich entspannend<\/h2>\t\t<\/div>\n\t\t\t\t<\/div>\n\t\t\t\t<div class=\"elementor-element elementor-element-8cdc269 elementor-widget__width-inherit elementor-widget elementor-widget-heading\" data-id=\"8cdc269\" data-element_type=\"widget\" data-widget_type=\"heading.default\">\n\t\t\t\t<div class=\"elementor-widget-container\">\n\t\t\t<h2 class=\"elementor-heading-title elementor-size-default\"><b>Sauris<\/b>Zahre ist eine kleine Gemeinde im Friaul, die von P\u00e4ssen und Bergen umgeben ist. Die D\u00f6rfer liegen zwischen 1.000 und 1.400 Metern \u00fcber dem Meeresspiegel. <br>\nEs hei\u00dft, dass diese deutschsprachige Gemeinde von Siedlern aus \u00d6sterreich gegr\u00fcndet wurde, die die Sitten und Gebr\u00e4uche ihrer Heimat mitbrachten.<br>\n<br>\nDer Name Sauris ist verbunden mit dem des <b>leicht ger\u00e4ucherter Rohschinken g.g.A.<\/b> nach dem traditionellen Rezept von Sauran. Ideal zum Schinken ist das lokale rohe, unpasteurisierte und ungefilterte Bier. Die Weite der Almen macht es m\u00f6glich, die schmackhaften <b>Bergk\u00e4se<\/b>Auch die Herstellung der s\u00fc\u00dfen \"Pommes Frites\" wird sehr gesch\u00e4tzt. <b>kleine Fr\u00fcchte und Kr\u00e4uter<\/b>. <br>\n<br>\nIm Jahr 2022 verlieh die Welttourismusorganisation der Vereinten Nationen (UNWTO) Sauris die prestigetr\u00e4chtige Auszeichnung als <b>Bestes touristisches Dorf<\/b>.<br>\n<br>\nSauris ist von unber\u00fchrter Natur umgeben und bietet einen idealen Ausgangspunkt f\u00fcr Wanderungen in den W\u00e4ldern mit spektakul\u00e4rer Aussicht auf den Monte Bivera, den Monte Rucke und den Saurisee. Die Wanderwege sind geeignet f\u00fcr <b>Wandern, Reiten oder Mountainbiken.<\/b><br>\nSauris bietet Aktivit\u00e4ts- und Wellness-Liebhabern eine perfekte Kombination aus alten Traditionen und au\u00dfergew\u00f6hnlicher K\u00fcche und Wein.<\/h2>\t\t<\/div>\n\t\t\t\t<\/div>\n\t\t\t\t<div class=\"elementor-element elementor-element-9facde5 elementor-widget__width-inherit elementor-widget elementor-widget-heading\" data-id=\"9facde5\" data-element_type=\"widget\" data-widget_type=\"heading.default\">\n\t\t\t\t<div class=\"elementor-widget-container\">\n\t\t\t<div class=\"elementor-heading-title elementor-size-default\"><a href=\"https:\/\/www.sauris.org\/\" target=\"_blank\">MEHR LERNEN<\/a><\/div>\t\t<\/div>\n\t\t\t\t<\/div>\n\t\t\t\t<\/div>\n\t\t\t\t\t<\/div>\n\t\t\t\t<\/div>\n\t\t<div class=\"elementor-element elementor-element-c40b80c e-con-full e-flex e-con e-parent\" data-id=\"c40b80c\" data-element_type=\"container\" data-settings=\"{&quot;content_width&quot;:&quot;full&quot;}\" data-core-v316-plus=\"true\">\n\t\t\t\t<div class=\"elementor-element elementor-element-a2aa26b elementor-widget elementor-widget-template\" data-id=\"a2aa26b\" data-element_type=\"widget\" data-widget_type=\"template.default\">\n\t\t\t\t<div class=\"elementor-widget-container\">\n\t\t\t\t\t<div class=\"elementor-template\">\n\t\t\t\t\t<div data-elementor-type=\"section\" data-elementor-id=\"615\" class=\"elementor elementor-615\" data-elementor-post-type=\"elementor_library\">\n\t\t\t<div class=\"elementor-element elementor-element-a28419b rz_newsletter_section_container e-flex e-con-boxed e-con e-parent\" data-id=\"a28419b\" data-element_type=\"container\" id=\"rz-newsletter-section-container\" data-settings=\"{&quot;background_background&quot;:&quot;classic&quot;,&quot;content_width&quot;:&quot;boxed&quot;}\" data-core-v316-plus=\"true\">\n\t\t\t\t\t<div class=\"e-con-inner\">\n\t\t\t\t<div class=\"elementor-element elementor-element-9996472 elementor-widget__width-initial elementor-widget elementor-widget-heading\" data-id=\"9996472\" data-element_type=\"widget\" data-widget_type=\"heading.default\">\n\t\t\t\t<div class=\"elementor-widget-container\">\n\t\t\t<h2 class=\"elementor-heading-title elementor-size-default\">IMMER INFORMIERT BLEIBEN UND \n<br>\nVERPASSEN SIE NICHTS<\/h2>\t\t<\/div>\n\t\t\t\t<\/div>\n\t\t\t\t<div class=\"elementor-element elementor-element-1effb04 elementor-widget__width-initial elementor-widget elementor-widget-heading\" data-id=\"1effb04\" data-element_type=\"widget\" data-widget_type=\"heading.default\">\n\t\t\t\t<div class=\"elementor-widget-container\">\n\t\t\t<h2 class=\"elementor-heading-title elementor-size-default\">\u00dcBER DIE NEUESTEN NACHRICHTEN UND EREIGNISSE IN DER REGION<\/h2>\t\t<\/div>\n\t\t\t\t<\/div>\n\t\t\t\t<div class=\"elementor-element elementor-element-78c4ebf elementor-widget__width-initial rz_pulsante_news elementor-widget elementor-widget-shortcode\" data-id=\"78c4ebf\" data-element_type=\"widget\" data-widget_type=\"shortcode.default\">\n\t\t\t\t<div class=\"elementor-widget-container\">\n\t\t\t\t\t<div class=\"elementor-shortcode\"><div class=\"jet-form-block\"data-is-block=\"jet-engine\/booking-form\"><form  class=\"jet-form layout-row submit-type-reload\" action=\"\/de\/wp-json\/wp\/v2\/pages\/2962?jet_engine_action=book&#038;nocache=1776955221\" method=\"POST\" data-form-id=\"191\" data-trp-original-action=\"\/de\/wp-json\/wp\/v2\/pages\/2962?jet_engine_action=book&nocache=1776955221\"><div class=\"jet-form-col__end content-fullwidth\"><input class=\"jet-form__field hidden-field\" type=\"hidden\" name=\"_jet_engine_booking_form_id\" value=\"191\" data-field-name=\"_jet_engine_booking_form_id\"><\/div><div class=\"jet-form-col__end content-fullwidth\"><input class=\"jet-form__field hidden-field\" type=\"hidden\" name=\"_jet_engine_refer\" value=\"https:\/\/alpidolomitifriulane.it\/de\/wp-json\/wp\/v2\/pages\/2962\" data-field-name=\"_jet_engine_refer\"><\/div><div  class=\"jet-form-row jet-form-row--hidden\"><div class=\"jet-form-col jet-form-col-12  field-type-hidden  jet-form-field-container\" data-field=\"post_id\" data-conditional=\"false\"><div class=\"jet-form-col__end content-fullwidth\"><input class=\"jet-form__field hidden-field\" type=\"hidden\" name=\"post_id\" value=\"2962\" data-field-name=\"post_id\"><\/div><\/div><\/div><div  class=\"jet-form-row jet-form-row--submit jet-form-row--first-visible\"><div class=\"jet-form-col jet-form-col-11  field-type-text rz_newsletter_field jet-form-field-container\" data-field=\"email\" data-conditional=\"false\"><div class=\"jet-form-col__end content-fullwidth\"><input class=\"jet-form__field text-field\" placeholder=\"Geben Sie hier Ihre E-Mail ein\" value=\"\" required=\"required\" name=\"email\" id=\"email\" type=\"text\" data-field-name=\"email\"><\/div><\/div><div class=\"jet-form-col jet-form-col-1  field-type-submit rz_newsletter_submit jet-form-field-container\" data-field=\"Submit\" data-conditional=\"false\"><div class=\"jet-form-col__end content-fullwidth\"><div class=\"jet-form__submit-wrap\">\n\t\t<button class=\"jet-form__submit submit-type-reload rz_newsletter_submit\" type=\"submit\">JOIN<\/button>\n<\/div><\/div><\/div><\/div><div  class=\"jet-form-row\"><div class=\"jet-form-col jet-form-col-12  field-type-checkboxes rz_check jet-form-field-container\" data-field=\"check\" data-conditional=\"false\"><div class=\"jet-form-col__start\"><div class=\"jet-form__label\">\n\t<span class=\"jet-form__label-text\" >Wenn Sie auf dieses Feld klicken, akzeptieren Sie die Datenschutzbestimmungen der Website.<span class=\"jet-form__required\">*<\/span><\/span>\n\t<\/div><\/div>\n<div class=\"jet-form-col__end\"><div class=\"jet-form__fields-group checkradio-wrap\">\t\t<div class=\"jet-form__field-wrap checkboxes-wrap checkradio-wrap\">\n\t\t\t\t\t\t<label class=\"jet-form__field-label\">\n\t\t\t\t<input\n\t\t\t\t\ttype=\"checkbox\"\n\t\t\t\t\tname=\"check\"\n\t\t\t\t\tclass=\"jet-form__field checkboxes-field checkradio-field checkboxes-required\"\n\t\t\t\t\tvalue=\"SI\"\n\t\t\t\t\tdata-field-name=\"check\"\n\t\t\t\t\t\t\t\t\t\trequired=\"required\"\t\t\t\t\t data-calculate=\"Check\"\t\t\t\t>\n\t\t\t\t\t\t\t<\/label>\n\t\t<\/div>\n\t\t<\/div><\/div><\/div><\/div><div class=\"jet-form-col__end content-fullwidth\"><input class=\"jet-form__field hidden-field\" type=\"hidden\" name=\"_jet_engine_nonce\" value=\"18d696adb2\" data-field-name=\"_jet_engine_nonce\"><\/div><input type=\"hidden\" name=\"trp-form-language\" value=\"de\"\/><\/form><\/div><\/div>\n\t\t\t\t<\/div>\n\t\t\t\t<\/div>\n\t\t\t\t\t<\/div>\n\t\t\t\t<\/div>\n\t\t\t\t<\/div>\n\t\t\t\t<\/div>\n\t\t\t\t<\/div>\n\t\t\t\t<\/div>\n\t\t\t\t<\/div>\n\t\t<div class=\"elementor-element elementor-element-c6fe760 e-con-full e-flex e-con e-parent\" data-id=\"c6fe760\" data-element_type=\"container\" data-settings=\"{&quot;content_width&quot;:&quot;full&quot;}\" data-core-v316-plus=\"true\">\n\t\t\t\t<div class=\"elementor-element elementor-element-0dff7ee elementor-widget elementor-widget-shortcode\" data-id=\"0dff7ee\" data-element_type=\"widget\" data-widget_type=\"shortcode.default\">\n\t\t\t\t<div class=\"elementor-widget-container\">\n\t\t\t\n    <link rel=\"stylesheet\" href=\"https:\/\/alpidolomitifriulane.it\/wp-content\/plugins\/roomzero-custom-altacarnia-plugin\/custom-code\/roomzero-custom-codes\/wordpress\/functions\/home\/stylesheet\/listing_eventi_mese.css\">\n    <script src=\"https:\/\/alpidolomitifriulane.it\/wp-content\/plugins\/roomzero-custom-altacarnia-plugin\/custom-code\/roomzero-custom-codes\/wordpress\/functions\/home\/js-scripts\/listing_eventi_mese.js\"><\/script>\t\t<div class=\"elementor-shortcode\"><\/div>\n\t\t\t\t<\/div>\n\t\t\t\t<\/div>\n\t\t\t\t<\/div>\n\t\t<div class=\"elementor-element elementor-element-ea54a93 e-con-full e-flex e-con e-parent\" data-id=\"ea54a93\" data-element_type=\"container\" data-settings=\"{&quot;content_width&quot;:&quot;full&quot;}\" data-core-v316-plus=\"true\">\n\t\t\t\t<\/div>\n\t\t\t\t<\/div>","protected":false},"excerpt":{"rendered":"<p>SYNERGIE F\u00dcR DIE AUFWERTUNG DES GEBIETS Entdeckung von Alta Carnia in Friaul-Julisch-Venetien Die Arbeit dieser Gebiete konzentriert sich auf die Schaffung lokaler Synergien, um einen verantwortungsvollen und vor allem nachhaltigen Tourismus durch Erfahrungen und Aktivit\u00e4ten zu f\u00f6rdern, die mit der Geschichte und der Natur der Orte verbunden sind. ARTA TERME SAURIS VON ARTA TERME... Diese [...]<\/p>","protected":false},"author":1,"featured_media":0,"parent":0,"menu_order":0,"comment_status":"closed","ping_status":"closed","template":"","meta":{"footnotes":""},"class_list":["post-2962","page","type-page","status-publish","hentry"],"_links":{"self":[{"href":"https:\/\/alpidolomitifriulane.it\/de\/wp-json\/wp\/v2\/pages\/2962","targetHints":{"allow":["GET"]}}],"collection":[{"href":"https:\/\/alpidolomitifriulane.it\/de\/wp-json\/wp\/v2\/pages"}],"about":[{"href":"https:\/\/alpidolomitifriulane.it\/de\/wp-json\/wp\/v2\/types\/page"}],"author":[{"embeddable":true,"href":"https:\/\/alpidolomitifriulane.it\/de\/wp-json\/wp\/v2\/users\/1"}],"replies":[{"embeddable":true,"href":"https:\/\/alpidolomitifriulane.it\/de\/wp-json\/wp\/v2\/comments?post=2962"}],"version-history":[{"count":127,"href":"https:\/\/alpidolomitifriulane.it\/de\/wp-json\/wp\/v2\/pages\/2962\/revisions"}],"predecessor-version":[{"id":4640,"href":"https:\/\/alpidolomitifriulane.it\/de\/wp-json\/wp\/v2\/pages\/2962\/revisions\/4640"}],"wp:attachment":[{"href":"https:\/\/alpidolomitifriulane.it\/de\/wp-json\/wp\/v2\/media?parent=2962"}],"curies":[{"name":"wp","href":"https:\/\/api.w.org\/{rel}","templated":true}]}}