{"id":3241,"date":"2023-09-29T15:19:18","date_gmt":"2023-09-29T15:19:18","guid":{"rendered":"https:\/\/staging.altacarnia2023.roomzerodesign.com\/?page_id=3241"},"modified":"2025-02-24T11:08:31","modified_gmt":"2025-02-24T11:08:31","slug":"contributi-e-sovvenzioni","status":"publish","type":"page","link":"https:\/\/alpidolomitifriulane.it\/de\/contributi-e-sovvenzioni\/","title":{"rendered":"Zusch\u00fcsse und Subventionen"},"content":{"rendered":"<div data-elementor-type=\"wp-page\" data-elementor-id=\"3241\" class=\"elementor elementor-3241\" data-elementor-post-type=\"page\">\n\t\t\t\t<div class=\"elementor-element elementor-element-9628c8c rz_hero_section_container e-flex e-con-boxed e-con e-parent\" data-id=\"9628c8c\" data-element_type=\"container\" data-settings=\"{&quot;background_background&quot;:&quot;classic&quot;,&quot;content_width&quot;:&quot;boxed&quot;}\" data-core-v316-plus=\"true\">\n\t\t\t\t\t<div class=\"e-con-inner\">\n\t\t\t\t<div class=\"elementor-element elementor-element-832e361 elementor-widget__width-initial elementor-widget elementor-widget-heading\" data-id=\"832e361\" data-element_type=\"widget\" data-widget_type=\"heading.default\">\n\t\t\t\t<div class=\"elementor-widget-container\">\n\t\t\t<style>\/*! elementor - v3.19.0 - 07-02-2024 *\/\n.elementor-heading-title{padding:0;margin:0;line-height:1}.elementor-widget-heading .elementor-heading-title[class*=elementor-size-]>a{color:inherit;font-size:inherit;line-height:inherit}.elementor-widget-heading .elementor-heading-title.elementor-size-small{font-size:15px}.elementor-widget-heading .elementor-heading-title.elementor-size-medium{font-size:19px}.elementor-widget-heading .elementor-heading-title.elementor-size-large{font-size:29px}.elementor-widget-heading .elementor-heading-title.elementor-size-xl{font-size:39px}.elementor-widget-heading .elementor-heading-title.elementor-size-xxl{font-size:59px}<\/style><h1 class=\"elementor-heading-title elementor-size-default\">BEITR\u00c4GE UND SUBVENTIONEN<\/h1>\t\t<\/div>\n\t\t\t\t<\/div>\n\t\t\t\t\t<\/div>\n\t\t\t\t<\/div>\n\t\t<div class=\"elementor-element elementor-element-7a2829f e-flex e-con-boxed e-con e-parent\" data-id=\"7a2829f\" data-element_type=\"container\" data-settings=\"{&quot;content_width&quot;:&quot;boxed&quot;}\" data-core-v316-plus=\"true\">\n\t\t\t\t\t<div class=\"e-con-inner\">\n\t\t\t\t<div class=\"elementor-element elementor-element-3b08a71 elementor-widget elementor-widget-heading\" data-id=\"3b08a71\" data-element_type=\"widget\" data-widget_type=\"heading.default\">\n\t\t\t\t<div class=\"elementor-widget-container\">\n\t\t\t<h1 class=\"elementor-heading-title elementor-size-default\">Diese Website wurde mit Mitteln aus der Aufforderung zur Einreichung von Vorschl\u00e4gen im Rahmen der Aktion 10 - LAG EUROLEADER entwickelt\n<\/h1>\t\t<\/div>\n\t\t\t\t<\/div>\n\t\t\t\t<div class=\"elementor-element elementor-element-68c9e0f elementor-widget elementor-widget-heading\" data-id=\"68c9e0f\" data-element_type=\"widget\" data-widget_type=\"heading.default\">\n\t\t\t\t<div class=\"elementor-widget-container\">\n\t\t\t<span class=\"elementor-heading-title elementor-size-default\">\"Unterst\u00fctzung bei der Schaffung gemeinsamer Strukturen f\u00fcr die Verwaltung von Aktivit\u00e4ten zur F\u00f6rderung und Vermarktung des touristischen Angebots und zur Unterst\u00fctzung der Kundenkommunikation\". \n<br><br>\nZiel der Aufforderung zur Einreichung von Vorschl\u00e4gen ist es, die Schaffung gemeinsamer Verwaltungsstrukturen zu unterst\u00fctzen, insbesondere f\u00fcr Aktivit\u00e4ten zur F\u00f6rderung und Vermarktung des touristischen Angebots und f\u00fcr den Kundenservice, die darauf abzielen, ein Image eines Berggebiets zu schaffen, das f\u00fcr eine Vielzahl von Sektoren, nicht nur f\u00fcr den Tourismus, einen hohen wirtschaftlichen Wert hat.\n<br><br>\nDie Ma\u00dfnahme zielt auf die Finanzierung von Projekten ab, die das gesamte Gebiet der inneren Gebiete betreffen, um das \"territoriale Angebot\" bekannt zu machen und die Orte in Oberk\u00e4rnten zu charakterisieren. \n<br><br>\nMit der Aktion werden au\u00dferdem folgende Ziele verfolgt: Verbesserung der Koordinierung und Zusammenarbeit zwischen den lokalen Akteuren; Verbesserung des touristischen Angebots; Steigerung der Touristenzahlen; Verbesserung der kommerziellen Organisation; Erschlie\u00dfung neuer Vermarktungswege; Erhaltung und Schaffung neuer Besch\u00e4ftigungsm\u00f6glichkeiten.<\/span>\t\t<\/div>\n\t\t\t\t<\/div>\n\t\t\t\t\t<\/div>\n\t\t\t\t<\/div>\n\t\t<div class=\"elementor-element elementor-element-09740e1 e-flex e-con-boxed e-con e-parent\" data-id=\"09740e1\" data-element_type=\"container\" data-settings=\"{&quot;content_width&quot;:&quot;boxed&quot;}\" data-core-v316-plus=\"true\">\n\t\t\t\t\t<div class=\"e-con-inner\">\n\t\t<div class=\"elementor-element elementor-element-9bdd7f5 e-con-full e-flex e-con e-child\" data-id=\"9bdd7f5\" data-element_type=\"container\" data-settings=\"{&quot;content_width&quot;:&quot;full&quot;}\">\n\t\t\t\t<div class=\"elementor-element elementor-element-55c819b elementor-widget-tablet_extra__width-inherit elementor-widget elementor-widget-image\" data-id=\"55c819b\" data-element_type=\"widget\" data-widget_type=\"image.default\">\n\t\t\t\t<div class=\"elementor-widget-container\">\n\t\t\t<style>\/*! elementor - v3.19.0 - 07-02-2024 *\/\n.elementor-widget-image{text-align:center}.elementor-widget-image a{display:inline-block}.elementor-widget-image a img[src$=\".svg\"]{width:48px}.elementor-widget-image img{vertical-align:middle;display:inline-block}<\/style>\t\t\t\t\t\t\t\t\t\t<img fetchpriority=\"high\" decoding=\"async\" width=\"1200\" height=\"293\" src=\"https:\/\/alpidolomitifriulane.it\/wp-content\/uploads\/2023\/09\/LogoPSR_2014_2020_completo_2.jpg\" class=\"attachment-full size-full wp-image-4782\" alt=\"\" srcset=\"https:\/\/alpidolomitifriulane.it\/wp-content\/uploads\/2023\/09\/LogoPSR_2014_2020_completo_2.jpg 1200w, https:\/\/alpidolomitifriulane.it\/wp-content\/uploads\/2023\/09\/LogoPSR_2014_2020_completo_2-300x73.jpg 300w, https:\/\/alpidolomitifriulane.it\/wp-content\/uploads\/2023\/09\/LogoPSR_2014_2020_completo_2-1024x250.jpg 1024w, https:\/\/alpidolomitifriulane.it\/wp-content\/uploads\/2023\/09\/LogoPSR_2014_2020_completo_2-768x188.jpg 768w, https:\/\/alpidolomitifriulane.it\/wp-content\/uploads\/2023\/09\/LogoPSR_2014_2020_completo_2-18x4.jpg 18w\" sizes=\"(max-width: 1200px) 100vw, 1200px\" \/>\t\t\t\t\t\t\t\t\t\t\t\t\t<\/div>\n\t\t\t\t<\/div>\n\t\t\t\t<\/div>\n\t\t\t\t<div class=\"elementor-element elementor-element-d72ffa7 elementor-widget__width-initial elementor-widget elementor-widget-heading\" data-id=\"d72ffa7\" data-element_type=\"widget\" data-widget_type=\"heading.default\">\n\t\t\t\t<div class=\"elementor-widget-container\">\n\t\t\t<span class=\"elementor-heading-title elementor-size-default\"><a href=\"http:\/\/www.regione.fvg.it\" target=\"_blank\">www.regione.fvg.it - RDP-Bereich<\/a><\/span>\t\t<\/div>\n\t\t\t\t<\/div>\n\t\t\t\t\t<\/div>\n\t\t\t\t<\/div>\n\t\t\t\t<\/div>","protected":false},"excerpt":{"rendered":"<p>BEITR\u00c4GE UND UNTERST\u00dcTZUNGEN Mit den Mitteln der Aufforderung zur Einreichung von Vorschl\u00e4gen Aktion 10 - GAL EUROLEADER \"Unterst\u00fctzung der Schaffung gemeinsamer Strukturen f\u00fcr die Verwaltung von Aktivit\u00e4ten zur F\u00f6rderung und Vermarktung des touristischen Angebots und f\u00fcr die Unterst\u00fctzung bei der Kommunikation mit den Kunden\" Die Aufforderung zur Einreichung von Vorschl\u00e4gen zielt auf die Unterst\u00fctzung der Schaffung gemeinsamer Strukturen f\u00fcr die Verwaltung, [...].<\/p>","protected":false},"author":1,"featured_media":0,"parent":0,"menu_order":0,"comment_status":"closed","ping_status":"closed","template":"","meta":{"footnotes":""},"class_list":["post-3241","page","type-page","status-publish","hentry"],"_links":{"self":[{"href":"https:\/\/alpidolomitifriulane.it\/de\/wp-json\/wp\/v2\/pages\/3241","targetHints":{"allow":["GET"]}}],"collection":[{"href":"https:\/\/alpidolomitifriulane.it\/de\/wp-json\/wp\/v2\/pages"}],"about":[{"href":"https:\/\/alpidolomitifriulane.it\/de\/wp-json\/wp\/v2\/types\/page"}],"author":[{"embeddable":true,"href":"https:\/\/alpidolomitifriulane.it\/de\/wp-json\/wp\/v2\/users\/1"}],"replies":[{"embeddable":true,"href":"https:\/\/alpidolomitifriulane.it\/de\/wp-json\/wp\/v2\/comments?post=3241"}],"version-history":[{"count":82,"href":"https:\/\/alpidolomitifriulane.it\/de\/wp-json\/wp\/v2\/pages\/3241\/revisions"}],"predecessor-version":[{"id":4800,"href":"https:\/\/alpidolomitifriulane.it\/de\/wp-json\/wp\/v2\/pages\/3241\/revisions\/4800"}],"wp:attachment":[{"href":"https:\/\/alpidolomitifriulane.it\/de\/wp-json\/wp\/v2\/media?parent=3241"}],"curies":[{"name":"wp","href":"https:\/\/api.w.org\/{rel}","templated":true}]}}